{"id":1804,"date":"2021-03-25T12:19:24","date_gmt":"2021-03-25T11:19:24","guid":{"rendered":"https:\/\/www.camping-cascade-aveyron.com\/randonnees-aveyron\/"},"modified":"2021-04-07T14:39:56","modified_gmt":"2021-04-07T12:39:56","slug":"walks-aveyron","status":"publish","type":"page","link":"https:\/\/www.camping-cascade-aveyron.com\/en\/walks-aveyron\/","title":{"rendered":"Alentours : Les randonn\u00e9es"},"content":{"rendered":"<section id=\"section-605d9d65786b0\"\" class=\"section bg-white\" \/><div class=\"container extralarge\"><h1 class=\"element section-title center\">Best hiking trails Aveyron<\/h1><div class=\"element bloc-text center \">\n\t<p>Aux alentours du <a href=\"\/en\/\">camping de la Cascade en Aveyron<\/a>, vous serez \u00e9tonn\u00e9s par la vari\u00e9t\u00e9 des paysages et la richesse du patrimoine. Sur les hauteurs du plateau, les points de vue sur les gorges des Raspes et le village de Saint-Rome-de-Tarn sont magnifiques.<\/p>\n<\/div><\/div><\/section>\n\n<section id=\"section-605d9b764d0a1\"\" class=\"section bg-color3 p-t-0 p-b-0\" \/><div class=\"container full\"><div class=\"colonnes-wrap valign-middle \"><div class=\"element colonne p-0\"><div class=\"element images\"><div class=\"image\"><img decoding=\"async\" src=\"https:\/\/www.camping-cascade-aveyron.com\/wp-content\/uploads\/2021\/03\/randonnee-sentier-100x95.jpg\" data-src=\"https:\/\/www.camping-cascade-aveyron.com\/wp-content\/uploads\/2021\/03\/randonnee-sentier.jpg\" alt=\"randonnee sentier\" class=\"images_image\" \/><\/div><\/div><\/div><div class=\"element colonne w-70 p-5\"><h2 class=\"element section-title center\"><span>Group walks<\/span><\/h2><div class=\"element bloc-text justify \">\n\t<p>During the summer season, <strong class=\"bold color1\">hiking outings<\/strong> are organised directly from the campsite to share a <strong class=\"bold color1\">friendly moment in a group<\/strong>. This is an opportunity to discover the surroundings accompanied by a local guide for whom the paths no longer hold any secrets!<\/p>\n<p>And it is well known that &#8220;after the effort, the comfort&#8221;, so a stop at the market of Saint-Rome-de-Tarn is planned on Tuesday morning so that you can fill up on good <strong class=\"bold color1\">local products<\/strong>.<\/p>\n<\/div><\/div><\/div><\/div><\/section>\n\n<section id=\"section-groupe78\"\" class=\"section bg-white p-t-0 p-b-0\" \/><div class=\"container full\"><div class=\"element images\"><div class=\"image\"><img decoding=\"async\" src=\"https:\/\/www.camping-cascade-aveyron.com\/wp-content\/uploads\/2021\/03\/groupe-sentier-randonnee-100x74.jpg\" data-src=\"https:\/\/www.camping-cascade-aveyron.com\/wp-content\/uploads\/2021\/03\/groupe-sentier-randonnee.jpg\" alt=\"groupe sentier randonnee\" class=\"images_image\" \/><\/div><div class=\"image\"><img decoding=\"async\" src=\"https:\/\/www.camping-cascade-aveyron.com\/wp-content\/uploads\/2021\/03\/riviere-sentier-100x74.jpg\" data-src=\"https:\/\/www.camping-cascade-aveyron.com\/wp-content\/uploads\/2021\/03\/riviere-sentier.jpg\" alt=\"riviere sentier\" class=\"images_image\" \/><\/div><div class=\"image\"><img decoding=\"async\" src=\"https:\/\/www.camping-cascade-aveyron.com\/wp-content\/uploads\/2021\/03\/randonnee-chien-100x74.jpg\" data-src=\"https:\/\/www.camping-cascade-aveyron.com\/wp-content\/uploads\/2021\/03\/randonnee-chien.jpg\" alt=\"randonnee chien\" class=\"images_image\" \/><\/div><\/div><\/div><\/section>\n\n<section id=\"section-groupe178\"\" class=\"section bg-white p-t-0 p-b-0\" \/><div class=\"container full\"><div class=\"colonnes-wrap valign-middle \"><div class=\"element colonne w-70 p-5\"><h2 class=\"element section-title center\"><span>Hikes<\/span> to do alone<\/h2><div class=\"element bloc-text justify \">\n\t<p>If you prefer to enjoy the <strong class=\"bold color1\">paths on your own<\/strong>, at your own pace, don&#8217;t hesitate to come and ask for information at the campsite reception or at the village tourist office, we will be happy to guide you and maps are available.<\/p>\n<p>So don&#8217;t hesitate any longer and come and enjoy a network of more than <strong class=\"bold color1\">180 km of marked hiking trails<\/strong> with breathtaking scenery!<\/p>\n<\/div><\/div><div class=\"element colonne p-0\"><div class=\"element images\"><div class=\"image\"><img decoding=\"async\" src=\"https:\/\/www.camping-cascade-aveyron.com\/wp-content\/uploads\/2021\/03\/couple-randonnee-100x84.jpg\" data-src=\"https:\/\/www.camping-cascade-aveyron.com\/wp-content\/uploads\/2021\/03\/couple-randonnee.jpg\" alt=\"couple randonnee\" class=\"images_image\" \/><\/div><\/div><\/div><\/div><\/div><\/section>\n\n<section id=\"section-605d9d6578e66\"\" class=\"section bg-white\" \/><div class=\"container extralarge\"><div class=\"element section-title center titre-cta\">Discover the Gorges du Tarn and Millau<\/div><ul class=\"liste-de-page\"><li class=\"element call-to-action carre call-to-action--style-3 call-to-action--big\"><a href=\"https:\/\/www.camping-cascade-aveyron.com\/en\/campsite-millau\/\" class=\"call-to-action_link\" title=\"Read more about millau\"><div class=\"call-to-action_image\"><img decoding=\"async\" src=\"https:\/\/www.camping-cascade-aveyron.com\/wp-content\/uploads\/2021\/03\/millau-viaduc-vue-100x75.jpg\" data-src=\"https:\/\/www.camping-cascade-aveyron.com\/wp-content\/uploads\/2021\/03\/millau-viaduc-vue.jpg\" alt=\"millau viaduc vue\" class=\"big\" \/><\/div><div class=\"call-to-action_contenu\"><div class=\"call-to-action_titre\">Millau<\/div><\/div><\/a><\/li><li class=\"element call-to-action carre call-to-action--style-3 call-to-action--big call-to-action--style-3 call-to-action--big\"><a href=\"https:\/\/www.camping-cascade-aveyron.com\/en\/tourism-aveyron\/\" class=\"call-to-action_link\" title=\"Read more about aveyron\"><div class=\"call-to-action_image\"><img decoding=\"async\" src=\"https:\/\/www.camping-cascade-aveyron.com\/wp-content\/uploads\/2021\/03\/vue-paysage-3-100x75.jpg\" data-src=\"https:\/\/www.camping-cascade-aveyron.com\/wp-content\/uploads\/2021\/03\/vue-paysage-3.jpg\" alt=\"vue paysage\" class=\"big\" \/><\/div><div class=\"call-to-action_contenu\"><div class=\"call-to-action_titre\">Aveyron<\/div><\/div><\/a><\/li><li class=\"element call-to-action carre call-to-action--style-3 call-to-action--big call-to-action--style-3 call-to-action--big call-to-action--style-3 call-to-action--big\"><a href=\"https:\/\/www.camping-cascade-aveyron.com\/en\/campsite-gorges-du-tarn\/\" class=\"call-to-action_link\" title=\"Read more about tarn gorges\"><div class=\"call-to-action_image\"><img decoding=\"async\" src=\"https:\/\/www.camping-cascade-aveyron.com\/wp-content\/uploads\/2021\/03\/riviere-tarn-3-100x75.jpg\" data-src=\"https:\/\/www.camping-cascade-aveyron.com\/wp-content\/uploads\/2021\/03\/riviere-tarn-3.jpg\" alt=\"riviere tarn\" class=\"big\" \/><\/div><div class=\"call-to-action_contenu\"><div class=\"call-to-action_titre\">Tarn Gorges<\/div><\/div><\/a><\/li><\/ul><\/div><\/section>","protected":false},"excerpt":{"rendered":"","protected":false},"author":1,"featured_media":1420,"parent":0,"menu_order":0,"comment_status":"closed","ping_status":"closed","template":"","meta":{"_acf_changed":false,"footnotes":""},"class_list":["post-1804","page","type-page","status-publish","has-post-thumbnail","hentry"],"acf":[],"yoast_head":"<!-- This site is optimized with the Yoast SEO plugin v25.3 - https:\/\/yoast.com\/wordpress\/plugins\/seo\/ -->\n<title>Best Hikes in Aveyron | Hiking Trails in Aveyron<\/title>\n<meta name=\"robots\" content=\"index, follow, max-snippet:-1, max-image-preview:large, max-video-preview:-1\" \/>\n<link rel=\"canonical\" href=\"https:\/\/www.camping-cascade-aveyron.com\/en\/walks-aveyron\/\" \/>\n<meta property=\"og:locale\" content=\"en_US\" \/>\n<meta property=\"og:type\" content=\"article\" \/>\n<meta property=\"og:title\" content=\"Best Hikes in Aveyron | Hiking Trails in Aveyron\" \/>\n<meta property=\"og:url\" content=\"https:\/\/www.camping-cascade-aveyron.com\/en\/walks-aveyron\/\" \/>\n<meta property=\"og:site_name\" content=\"Camping La Cascade\" \/>\n<meta property=\"article:modified_time\" content=\"2021-04-07T12:39:56+00:00\" \/>\n<meta property=\"og:image\" content=\"https:\/\/www.camping-cascade-aveyron.com\/wp-content\/uploads\/2021\/03\/vue-raspes.jpg\" \/>\n\t<meta property=\"og:image:width\" content=\"1902\" \/>\n\t<meta property=\"og:image:height\" content=\"400\" \/>\n\t<meta property=\"og:image:type\" content=\"image\/jpeg\" \/>\n<meta name=\"twitter:card\" content=\"summary_large_image\" \/>\n<script type=\"application\/ld+json\" class=\"yoast-schema-graph\">{\"@context\":\"https:\/\/schema.org\",\"@graph\":[{\"@type\":\"WebPage\",\"@id\":\"https:\/\/www.camping-cascade-aveyron.com\/en\/walks-aveyron\/\",\"url\":\"https:\/\/www.camping-cascade-aveyron.com\/en\/walks-aveyron\/\",\"name\":\"Best Hikes in Aveyron | Hiking Trails in Aveyron\",\"isPartOf\":{\"@id\":\"https:\/\/www.camping-cascade-aveyron.com\/en\/#website\"},\"primaryImageOfPage\":{\"@id\":\"https:\/\/www.camping-cascade-aveyron.com\/en\/walks-aveyron\/#primaryimage\"},\"image\":{\"@id\":\"https:\/\/www.camping-cascade-aveyron.com\/en\/walks-aveyron\/#primaryimage\"},\"thumbnailUrl\":\"https:\/\/www.camping-cascade-aveyron.com\/wp-content\/uploads\/2021\/03\/vue-raspes.jpg\",\"datePublished\":\"2021-03-25T11:19:24+00:00\",\"dateModified\":\"2021-04-07T12:39:56+00:00\",\"breadcrumb\":{\"@id\":\"https:\/\/www.camping-cascade-aveyron.com\/en\/walks-aveyron\/#breadcrumb\"},\"inLanguage\":\"en-US\",\"potentialAction\":[{\"@type\":\"ReadAction\",\"target\":[\"https:\/\/www.camping-cascade-aveyron.com\/en\/walks-aveyron\/\"]}]},{\"@type\":\"ImageObject\",\"inLanguage\":\"en-US\",\"@id\":\"https:\/\/www.camping-cascade-aveyron.com\/en\/walks-aveyron\/#primaryimage\",\"url\":\"https:\/\/www.camping-cascade-aveyron.com\/wp-content\/uploads\/2021\/03\/vue-raspes.jpg\",\"contentUrl\":\"https:\/\/www.camping-cascade-aveyron.com\/wp-content\/uploads\/2021\/03\/vue-raspes.jpg\",\"width\":1902,\"height\":400,\"caption\":\"vue raspes\"},{\"@type\":\"BreadcrumbList\",\"@id\":\"https:\/\/www.camping-cascade-aveyron.com\/en\/walks-aveyron\/#breadcrumb\",\"itemListElement\":[{\"@type\":\"ListItem\",\"position\":1,\"name\":\"Camping Aveyron\",\"item\":\"https:\/\/www.camping-cascade-aveyron.com\/en\/\"},{\"@type\":\"ListItem\",\"position\":2,\"name\":\"Hiking in Aveyron\"}]},{\"@type\":\"WebSite\",\"@id\":\"https:\/\/www.camping-cascade-aveyron.com\/en\/#website\",\"url\":\"https:\/\/www.camping-cascade-aveyron.com\/en\/\",\"name\":\"Camping La Cascade\",\"description\":\"\",\"potentialAction\":[{\"@type\":\"SearchAction\",\"target\":{\"@type\":\"EntryPoint\",\"urlTemplate\":\"https:\/\/www.camping-cascade-aveyron.com\/en\/?s={search_term_string}\"},\"query-input\":{\"@type\":\"PropertyValueSpecification\",\"valueRequired\":true,\"valueName\":\"search_term_string\"}}],\"inLanguage\":\"en-US\"}]}<\/script>\n<!-- \/ Yoast SEO plugin. -->","yoast_head_json":{"title":"Best Hikes in Aveyron | Hiking Trails in Aveyron","robots":{"index":"index","follow":"follow","max-snippet":"max-snippet:-1","max-image-preview":"max-image-preview:large","max-video-preview":"max-video-preview:-1"},"canonical":"https:\/\/www.camping-cascade-aveyron.com\/en\/walks-aveyron\/","og_locale":"en_US","og_type":"article","og_title":"Best Hikes in Aveyron | Hiking Trails in Aveyron","og_url":"https:\/\/www.camping-cascade-aveyron.com\/en\/walks-aveyron\/","og_site_name":"Camping La Cascade","article_modified_time":"2021-04-07T12:39:56+00:00","og_image":[{"width":1902,"height":400,"url":"https:\/\/www.camping-cascade-aveyron.com\/wp-content\/uploads\/2021\/03\/vue-raspes.jpg","type":"image\/jpeg"}],"twitter_card":"summary_large_image","schema":{"@context":"https:\/\/schema.org","@graph":[{"@type":"WebPage","@id":"https:\/\/www.camping-cascade-aveyron.com\/en\/walks-aveyron\/","url":"https:\/\/www.camping-cascade-aveyron.com\/en\/walks-aveyron\/","name":"Best Hikes in Aveyron | Hiking Trails in Aveyron","isPartOf":{"@id":"https:\/\/www.camping-cascade-aveyron.com\/en\/#website"},"primaryImageOfPage":{"@id":"https:\/\/www.camping-cascade-aveyron.com\/en\/walks-aveyron\/#primaryimage"},"image":{"@id":"https:\/\/www.camping-cascade-aveyron.com\/en\/walks-aveyron\/#primaryimage"},"thumbnailUrl":"https:\/\/www.camping-cascade-aveyron.com\/wp-content\/uploads\/2021\/03\/vue-raspes.jpg","datePublished":"2021-03-25T11:19:24+00:00","dateModified":"2021-04-07T12:39:56+00:00","breadcrumb":{"@id":"https:\/\/www.camping-cascade-aveyron.com\/en\/walks-aveyron\/#breadcrumb"},"inLanguage":"en-US","potentialAction":[{"@type":"ReadAction","target":["https:\/\/www.camping-cascade-aveyron.com\/en\/walks-aveyron\/"]}]},{"@type":"ImageObject","inLanguage":"en-US","@id":"https:\/\/www.camping-cascade-aveyron.com\/en\/walks-aveyron\/#primaryimage","url":"https:\/\/www.camping-cascade-aveyron.com\/wp-content\/uploads\/2021\/03\/vue-raspes.jpg","contentUrl":"https:\/\/www.camping-cascade-aveyron.com\/wp-content\/uploads\/2021\/03\/vue-raspes.jpg","width":1902,"height":400,"caption":"vue raspes"},{"@type":"BreadcrumbList","@id":"https:\/\/www.camping-cascade-aveyron.com\/en\/walks-aveyron\/#breadcrumb","itemListElement":[{"@type":"ListItem","position":1,"name":"Camping Aveyron","item":"https:\/\/www.camping-cascade-aveyron.com\/en\/"},{"@type":"ListItem","position":2,"name":"Hiking in Aveyron"}]},{"@type":"WebSite","@id":"https:\/\/www.camping-cascade-aveyron.com\/en\/#website","url":"https:\/\/www.camping-cascade-aveyron.com\/en\/","name":"Camping La Cascade","description":"","potentialAction":[{"@type":"SearchAction","target":{"@type":"EntryPoint","urlTemplate":"https:\/\/www.camping-cascade-aveyron.com\/en\/?s={search_term_string}"},"query-input":{"@type":"PropertyValueSpecification","valueRequired":true,"valueName":"search_term_string"}}],"inLanguage":"en-US"}]}},"_links":{"self":[{"href":"https:\/\/www.camping-cascade-aveyron.com\/en\/wp-json\/wp\/v2\/pages\/1804","targetHints":{"allow":["GET"]}}],"collection":[{"href":"https:\/\/www.camping-cascade-aveyron.com\/en\/wp-json\/wp\/v2\/pages"}],"about":[{"href":"https:\/\/www.camping-cascade-aveyron.com\/en\/wp-json\/wp\/v2\/types\/page"}],"author":[{"embeddable":true,"href":"https:\/\/www.camping-cascade-aveyron.com\/en\/wp-json\/wp\/v2\/users\/1"}],"replies":[{"embeddable":true,"href":"https:\/\/www.camping-cascade-aveyron.com\/en\/wp-json\/wp\/v2\/comments?post=1804"}],"version-history":[{"count":2,"href":"https:\/\/www.camping-cascade-aveyron.com\/en\/wp-json\/wp\/v2\/pages\/1804\/revisions"}],"predecessor-version":[{"id":1861,"href":"https:\/\/www.camping-cascade-aveyron.com\/en\/wp-json\/wp\/v2\/pages\/1804\/revisions\/1861"}],"wp:featuredmedia":[{"embeddable":true,"href":"https:\/\/www.camping-cascade-aveyron.com\/en\/wp-json\/wp\/v2\/media\/1420"}],"wp:attachment":[{"href":"https:\/\/www.camping-cascade-aveyron.com\/en\/wp-json\/wp\/v2\/media?parent=1804"}],"curies":[{"name":"wp","href":"https:\/\/api.w.org\/{rel}","templated":true}]}}